{"id":5326,"date":"2024-11-04T11:48:30","date_gmt":"2024-11-04T10:48:30","guid":{"rendered":"https:\/\/x-cube.com\/submerged\/"},"modified":"2026-02-27T11:13:21","modified_gmt":"2026-02-27T10:13:21","slug":"submerged","status":"publish","type":"page","link":"https:\/\/x-cube.com\/fr\/submerged\/","title":{"rendered":"Submerged"},"content":{"rendered":"<div class=\"fusion-fullwidth fullwidth-box fusion-builder-row-1 fusion-flex-container has-pattern-background has-mask-background nonhundred-percent-fullwidth non-hundred-percent-height-scrolling\" style=\"--awb-border-radius-top-left:0px;--awb-border-radius-top-right:0px;--awb-border-radius-bottom-right:0px;--awb-border-radius-bottom-left:0px;--awb-padding-top:54px;--awb-padding-bottom:57px;--awb-margin-top:0px;--awb-background-color:var(--awb-color2);--awb-background-image:linear-gradient(180deg, var(--awb-color2) 45%,var(--awb-color4) 100%);--awb-flex-wrap:wrap;\" ><div class=\"awb-background-pattern\" style=\"background-image:  url(data:image\/svg+xml;utf8,%3Csvg%20width%3D%2280%22%20height%3D%22120%22%20fill%3D%22none%22%20xmlns%3D%22http%3A%2F%2Fwww.w3.org%2F2000%2Fsvg%22%3E%3Cg%20clip-path%3D%22url%28%23prefix__clip0_43_320%29%22%20fill%3D%22rgba%28255%2C255%2C255%2C0.02%29%22%3E%3Cpath%20d%3D%22M40%200L0%2030v30l40-30V0zm0%2030v30l40%2030V60L40%2030zM40-30V0l40%2030V0L40-30zm0%2090L0%2090v30l40-30V60zm0%2030v30l40%2030v-30L40%2090z%22%2F%3E%3C%2Fg%3E%3Cdefs%3E%3CclipPath%20id%3D%22prefix__clip0_43_320%22%3E%3Cpath%20fill%3D%22%23fff%22%20d%3D%22M0%200h80v120H0z%22%2F%3E%3C%2FclipPath%3E%3C%2Fdefs%3E%3C%2Fsvg%3E);opacity: 1 ;mix-blend-mode:normal;\"><\/div><div class=\"fusion-builder-row fusion-row fusion-flex-align-items-flex-start fusion-flex-content-wrap\" style=\"max-width:1248px;margin-left: calc(-4% \/ 2 );margin-right: calc(-4% \/ 2 );\"><div class=\"fusion-layout-column fusion_builder_column fusion-builder-column-0 fusion_builder_column_1_1 1_1 fusion-flex-column\" style=\"--awb-bg-size:cover;--awb-width-large:100%;--awb-margin-top-large:0px;--awb-spacing-right-large:1.92%;--awb-margin-bottom-large:20px;--awb-spacing-left-large:1.92%;--awb-width-medium:100%;--awb-order-medium:0;--awb-spacing-right-medium:1.92%;--awb-spacing-left-medium:1.92%;--awb-width-small:100%;--awb-order-small:0;--awb-spacing-right-small:1.92%;--awb-spacing-left-small:1.92%;\"><div class=\"fusion-column-wrapper fusion-column-has-shadow fusion-flex-justify-content-flex-start fusion-content-layout-column\"><div class=\"fusion-image-element fusion-no-small-visibility\" style=\"--awb-caption-title-font-family:var(--h2_typography-font-family);--awb-caption-title-font-weight:var(--h2_typography-font-weight);--awb-caption-title-font-style:var(--h2_typography-font-style);--awb-caption-title-size:var(--h2_typography-font-size);--awb-caption-title-transform:var(--h2_typography-text-transform);--awb-caption-title-line-height:var(--h2_typography-line-height);--awb-caption-title-letter-spacing:var(--h2_typography-letter-spacing);\"><span class=\" fusion-imageframe imageframe-none imageframe-1 hover-type-none\" style=\"border-radius:40px;\"><img decoding=\"async\" src=\"data:image\/gif;base64,R0lGODlhAQABAAAAACH5BAEKAAEALAAAAAABAAEAAAICTAEAOw==\" data-orig-src=\"https:\/\/x-cube.nl\/wp-content\/uploads\/2024\/11\/Ontwerp-zonder-titel-2024-11-04T110647.450.jpg\" alt class=\"lazyload img-responsive\"\/><\/span><\/div><div class=\"fusion-image-element fusion-no-medium-visibility fusion-no-large-visibility\" style=\"--awb-caption-title-font-family:var(--h2_typography-font-family);--awb-caption-title-font-weight:var(--h2_typography-font-weight);--awb-caption-title-font-style:var(--h2_typography-font-style);--awb-caption-title-size:var(--h2_typography-font-size);--awb-caption-title-transform:var(--h2_typography-text-transform);--awb-caption-title-line-height:var(--h2_typography-line-height);--awb-caption-title-letter-spacing:var(--h2_typography-letter-spacing);\"><span class=\" fusion-imageframe imageframe-none imageframe-2 hover-type-none\" style=\"border-radius:40px;\"><img decoding=\"async\" src=\"data:image\/gif;base64,R0lGODlhAQABAAAAACH5BAEKAAEALAAAAAABAAEAAAICTAEAOw==\" data-orig-src=\"https:\/\/x-cube.nl\/wp-content\/uploads\/2024\/11\/a.jpg\" alt class=\"lazyload img-responsive\"\/><\/span><\/div><\/div><\/div><div class=\"fusion-layout-column fusion_builder_column fusion-builder-column-1 fusion_builder_column_1_3 1_3 fusion-flex-column\" style=\"--awb-padding-top:20px;--awb-padding-right:20px;--awb-padding-bottom:29px;--awb-padding-left:20px;--awb-overflow:hidden;--awb-bg-color:rgba(255,255,255,0.03);--awb-bg-color-hover:rgba(255,255,255,0.03);--awb-bg-size:cover;--awb-border-radius:10px 10px 10px 10px;--awb-width-large:33.333333333333%;--awb-margin-top-large:0px;--awb-spacing-right-large:5.76%;--awb-margin-bottom-large:20px;--awb-spacing-left-large:5.76%;--awb-width-medium:33.333333333333%;--awb-order-medium:0;--awb-spacing-right-medium:5.76%;--awb-spacing-left-medium:5.76%;--awb-width-small:100%;--awb-order-small:0;--awb-spacing-right-small:1.92%;--awb-spacing-left-small:1.92%;\"><div class=\"fusion-column-wrapper fusion-column-has-shadow fusion-flex-justify-content-flex-start fusion-content-layout-column\"><div class=\"fusion-text fusion-text-1\" style=\"--awb-font-size:25px;--awb-text-color:var(--awb-color7);--awb-text-font-family:&quot;Bungee&quot;;--awb-text-font-style:normal;--awb-text-font-weight:400;\"><p>Information<\/p>\n<\/div><div class=\"fusion-text fusion-text-2\" style=\"--awb-line-height:2.5;\"><p><i class=\"fb-icon-element-1 fb-icon-element fontawesome-icon fa-user fas circle-no fusion-text-flow\" style=\"--awb-iconcolor:var(--awb-color7);--awb-iconcolor-hover:var(--awb-color7);--awb-font-size:20px;--awb-margin-right:10px;\"><\/i><span style=\"color: var(--awb-color7);\"> 2 \u00e0 8 joueurs<br \/><\/span><i class=\"fb-icon-element-2 fb-icon-element fontawesome-icon fa-clock fas circle-no fusion-text-flow\" style=\"--awb-iconcolor:var(--awb-color7);--awb-iconcolor-hover:var(--awb-color7);--awb-font-size:20px;--awb-margin-right:10px;\"><\/i><span style=\"color: var(--awb-color7);\"> 60 minutes<br \/><\/span><i class=\"fb-icon-element-3 fb-icon-element fontawesome-icon fa-user-friends fas circle-no fusion-text-flow\" style=\"--awb-iconcolor:var(--awb-color7);--awb-iconcolor-hover:var(--awb-color7);--awb-font-size:20px;--awb-margin-right:10px;\"><\/i><span style=\"color: var(--awb-color7);\"> Ages 12+<br \/><\/span><i class=\"fb-icon-element-4 fb-icon-element fontawesome-icon fa-star fas circle-no fusion-text-flow\" style=\"--awb-iconcolor:var(--awb-color7);--awb-iconcolor-hover:var(--awb-color7);--awb-font-size:20px;--awb-margin-right:10px;\"><\/i><span style=\"color: var(--awb-color7);\"> Note de 4.2\/5.0<br \/><\/span><span style=\"color: var(--awb-color7);\"><i class=\"fb-icon-element-5 fb-icon-element fontawesome-icon fa-gamepad fas circle-no fusion-text-flow\" style=\"--awb-iconcolor:var(--awb-color7);--awb-iconcolor-hover:var(--awb-color7);--awb-font-size:20px;--awb-margin-right:10px;\"><\/i><\/span><span style=\"color: var(--awb-color7); font-family: var(--awb-text-font-family); font-size: var(--awb-font-size); font-style: var(--awb-text-font-style); font-weight: var(--awb-text-font-weight); letter-spacing: var(--awb-letter-spacing); text-align: var(--awb-content-alignment); text-transform: var(--awb-text-transform); background-color: var(--awb-bg-color-hover);\">Difficult\u00e9 : Normal <\/span> <i class=\"fb-icon-element-6 fb-icon-element fontawesome-icon fa-star fas circle-no fusion-text-flow\" style=\"--awb-iconcolor:var(--awb-color7);--awb-iconcolor-hover:var(--awb-color7);--awb-font-size:12px;--awb-margin-right:6px;\"><\/i><i class=\"fb-icon-element-7 fb-icon-element fontawesome-icon fa-star fas circle-no fusion-text-flow\" style=\"--awb-iconcolor:var(--awb-color7);--awb-iconcolor-hover:var(--awb-color7);--awb-font-size:12px;--awb-margin-right:6px;\"><\/i><i class=\"fb-icon-element-8 fb-icon-element fontawesome-icon fa-star fas circle-no fusion-text-flow\" style=\"--awb-iconcolor:var(--awb-color7);--awb-iconcolor-hover:var(--awb-color7);--awb-font-size:12px;--awb-margin-right:6px;\"><\/i><br style=\"color: var(--awb-color7); font-family: var(--awb-text-font-family); font-size: var(--awb-font-size); font-style: var(--awb-text-font-style); font-weight: var(--awb-text-font-weight); letter-spacing: var(--awb-letter-spacing); text-align: var(--awb-content-alignment); text-transform: var(--awb-text-transform); background-color: var(--awb-bg-color-hover);\"><span style=\"color: var(--awb-color7);\"><i class=\"fb-icon-element-9 fb-icon-element fontawesome-icon fa-globe fas circle-no fusion-text-flow\" style=\"--awb-iconcolor:var(--awb-color7);--awb-iconcolor-hover:var(--awb-color7);--awb-font-size:20px;--awb-margin-right:10px;\"><\/i><img class=\"lazyload\" decoding=\"async\" style=\"width: 20px; border-radius: 20px; align: center; margin-top: 2%; margin-left: 2%;\" src=\"data:image\/gif;base64,R0lGODlhAQABAAAAACH5BAEKAAEALAAAAAABAAEAAAICTAEAOw==\" data-orig-src=\"https:\/\/x-cube.nl\/wp-content\/uploads\/2024\/03\/1280px-Flag_of_the_United_States.svg-66x66.png\"> <img class=\"lazyload\" decoding=\"async\" style=\"width: 20px; border-radius: 20px; align: center; margin-left: 10px; margin-top: 2%;\" src=\"data:image\/gif;base64,R0lGODlhAQABAAAAACH5BAEKAAEALAAAAAABAAEAAAICTAEAOw==\" data-orig-src=\"https:\/\/x-cube.nl\/wp-content\/uploads\/2024\/03\/Flag_of_the_Netherlands.svg-66x66.webp\"> <img class=\"lazyload\" decoding=\"async\" style=\"width: 20px; border-radius: 20px; align: center; margin-top: 2%; margin-left: 2%;\" src=\"data:image\/gif;base64,R0lGODlhAQABAAAAACH5BAEKAAEALAAAAAABAAEAAAICTAEAOw==\" data-orig-src=\"https:\/\/x-cube.nl\/wp-content\/uploads\/2024\/03\/Flag_of_Germany.svg-66x66.png\"> <img class=\"lazyload\" decoding=\"async\" style=\"width: 20px; border-radius: 20px; align: center; margin-top: 2%; margin-left: 2%;\" src=\"data:image\/gif;base64,R0lGODlhAQABAAAAACH5BAEKAAEALAAAAAABAAEAAAICTAEAOw==\" data-orig-src=\"https:\/\/x-cube.nl\/wp-content\/uploads\/2024\/03\/Flag_of_France.svg-66x66.png\"><br \/><\/span><\/p>\n<\/div><div class=\"fusion-image-element \" style=\"--awb-margin-bottom:20px;--awb-caption-title-font-family:var(--h2_typography-font-family);--awb-caption-title-font-weight:var(--h2_typography-font-weight);--awb-caption-title-font-style:var(--h2_typography-font-style);--awb-caption-title-size:var(--h2_typography-font-size);--awb-caption-title-transform:var(--h2_typography-text-transform);--awb-caption-title-line-height:var(--h2_typography-line-height);--awb-caption-title-letter-spacing:var(--h2_typography-letter-spacing);\"><span class=\" fusion-imageframe imageframe-none imageframe-3 hover-type-none\"><img decoding=\"async\" src=\"data:image\/gif;base64,R0lGODlhAQABAAAAACH5BAEKAAEALAAAAAABAAEAAAICTAEAOw==\" data-orig-src=\"https:\/\/x-cube.nl\/wp-content\/uploads\/2024\/11\/Ontwerp-zonder-titel-2024-11-04T113036.866.png\" alt class=\"lazyload img-responsive\"\/><\/span><\/div><div style=\"text-align:left;\"><a class=\"fusion-button button-flat fusion-button-default-size button-custom fusion-button-default button-1 fusion-button-default-span fusion-button-default-type awb-b-icon-pos-left fusion-has-button-gradient\" style=\"--button_accent_color:var(--awb-color7);--button_border_color:var(--awb-color7);--button_accent_hover_color:var(--awb-color7);--button_border_hover_color:var(--awb-color4);--button-border-radius-top-left:30px;--button-border-radius-top-right:30px;--button-border-radius-bottom-right:30px;--button-border-radius-bottom-left:30px;--button_gradient_angle:45deg;--button_gradient_top_color:var(--awb-color4);--button_gradient_bottom_color:var(--awb-color3);--button_gradient:radial-gradient(circle at center center,var(--awb-color4) 0%,var(--awb-color3) 0%);--button_gradient_top_color_hover:hsla(var(--awb-color2-h),calc(var(--awb-color2-s) - 5%),calc(var(--awb-color2-l) - 10%),var(--awb-color2-a));--button_gradient_bottom_color_hover:hsla(var(--awb-color2-h),calc(var(--awb-color2-s) - 5%),calc(var(--awb-color2-l) - 10%),var(--awb-color2-a));--button_text_transform:uppercase;--button_typography-letter-spacing:3px;--button_typography-font-family:&quot;Montserrat&quot;;--button_typography-font-style:normal;--button_typography-font-weight:500;--button_margin-top:5%;\" target=\"_self\" data-hover=\"icon_position\" href=\"https:\/\/x-cube.com\/fr\/emplacements\/\"><i class=\"fa-angle-right fas awb-button__icon awb-button__icon--default button-icon-left\" aria-hidden=\"true\"><\/i><i class=\"fa-angle-right fas awb-button__icon awb-button__icon--default button-icon-left\" aria-hidden=\"true\"><\/i><span class=\"fusion-button-text awb-button__text awb-button__text--default\">R\u00e9servez maintenant<\/span><\/a><\/div><div style=\"text-align:left;\"><a class=\"fusion-button button-flat fusion-button-default-size button-custom fusion-button-default button-2 fusion-button-default-span fusion-button-default-type awb-b-icon-pos-left fusion-has-button-gradient\" style=\"--button_accent_color:var(--awb-color7);--button_border_color:var(--awb-color7);--button_accent_hover_color:var(--awb-color7);--button_border_hover_color:var(--awb-color4);--button-border-radius-top-left:30px;--button-border-radius-top-right:30px;--button-border-radius-bottom-right:30px;--button-border-radius-bottom-left:30px;--button_gradient_angle:45deg;--button_gradient_top_color:var(--awb-color4);--button_gradient_bottom_color:var(--awb-color3);--button_gradient:radial-gradient(circle at center center,var(--awb-color4) 0%,var(--awb-color3) 0%);--button_gradient_top_color_hover:hsla(var(--awb-color2-h),calc(var(--awb-color2-s) - 5%),calc(var(--awb-color2-l) - 10%),var(--awb-color2-a));--button_gradient_bottom_color_hover:hsla(var(--awb-color2-h),calc(var(--awb-color2-s) - 5%),calc(var(--awb-color2-l) - 10%),var(--awb-color2-a));--button_text_transform:uppercase;--button_typography-letter-spacing:3px;--button_typography-font-family:&quot;Montserrat&quot;;--button_typography-font-style:normal;--button_typography-font-weight:500;--button_margin-top:5%;\" target=\"_self\" data-hover=\"icon_position\" href=\"https:\/\/x-cube.com\/fr\/submerged-highscores\/\"><i class=\"fa-angle-right fas awb-button__icon awb-button__icon--default button-icon-left\" aria-hidden=\"true\"><\/i><i class=\"fa-angle-right fas awb-button__icon awb-button__icon--default button-icon-left\" aria-hidden=\"true\"><\/i><span class=\"fusion-button-text awb-button__text awb-button__text--default\">Les meilleurs scores<\/span><\/a><\/div><\/div><\/div><div class=\"fusion-layout-column fusion_builder_column fusion-builder-column-2 fusion_builder_column_2_3 2_3 fusion-flex-column\" style=\"--awb-bg-size:cover;--awb-width-large:66.666666666667%;--awb-margin-top-large:0px;--awb-spacing-right-large:2.88%;--awb-margin-bottom-large:20px;--awb-spacing-left-large:2.88%;--awb-width-medium:66.666666666667%;--awb-order-medium:0;--awb-spacing-right-medium:2.88%;--awb-spacing-left-medium:2.88%;--awb-width-small:100%;--awb-order-small:0;--awb-spacing-right-small:1.92%;--awb-spacing-left-small:1.92%;\"><div class=\"fusion-column-wrapper fusion-column-has-shadow fusion-flex-justify-content-flex-start fusion-content-layout-column\"><div class=\"fusion-text fusion-text-3\" style=\"--awb-text-color:var(--awb-color7);\"><p class=\"x_MsoNormal\">Montez \u00e0 bord du Sub-X pour une exp\u00e9rience sous-marine unique ! Con\u00e7u pour des groupes d\u2019\u00e9lite ayant tout vu et tout fait, le tout premier sous-marin autonome \u2014 une initiative de l\u2019excentrique millionnaire Ken Solum \u2014 vous emm\u00e8nera dans les sombres profondeurs de l\u2019oc\u00e9an. Ne vous inqui\u00e9tez pas. Le Sub-X est suffisamment solide pour r\u00e9sister \u00e0 l&rsquo;\u00e9norme pression de l&rsquo;eau, et vous disposez d&rsquo;au moins une heure d&rsquo;oxyg\u00e8ne \u00e0 bord. En cas d&rsquo;urgence improbable : restez calme, aidez les autres et suivez toujours les instructions.<\/p>\n<\/div><div class=\"fusion-image-element \" style=\"--awb-caption-title-font-family:var(--h2_typography-font-family);--awb-caption-title-font-weight:var(--h2_typography-font-weight);--awb-caption-title-font-style:var(--h2_typography-font-style);--awb-caption-title-size:var(--h2_typography-font-size);--awb-caption-title-transform:var(--h2_typography-text-transform);--awb-caption-title-line-height:var(--h2_typography-line-height);--awb-caption-title-letter-spacing:var(--h2_typography-letter-spacing);\"><span class=\" fusion-imageframe imageframe-none imageframe-4 hover-type-none\"><img decoding=\"async\" src=\"data:image\/gif;base64,R0lGODlhAQABAAAAACH5BAEKAAEALAAAAAABAAEAAAICTAEAOw==\" data-orig-src=\"https:\/\/x-cube.nl\/wp-content\/uploads\/2024\/11\/Schermafbeelding-2024-10-25-180232.png\" alt class=\"lazyload img-responsive\"\/><\/span><\/div><div class=\"fusion-separator fusion-full-width-sep\" style=\"align-self: center;margin-left: auto;margin-right: auto;width:100%;\"><div class=\"fusion-separator-border sep-double\" style=\"--awb-height:20px;--awb-amount:20px;border-color:var(--awb-color3);border-top-width:1px;border-bottom-width:1px;\"><\/div><\/div><div class=\"fusion-image-element \" style=\"--awb-caption-title-font-family:var(--h2_typography-font-family);--awb-caption-title-font-weight:var(--h2_typography-font-weight);--awb-caption-title-font-style:var(--h2_typography-font-style);--awb-caption-title-size:var(--h2_typography-font-size);--awb-caption-title-transform:var(--h2_typography-text-transform);--awb-caption-title-line-height:var(--h2_typography-line-height);--awb-caption-title-letter-spacing:var(--h2_typography-letter-spacing);\"><span class=\" fusion-imageframe imageframe-none imageframe-5 hover-type-none\"><img decoding=\"async\" src=\"data:image\/gif;base64,R0lGODlhAQABAAAAACH5BAEKAAEALAAAAAABAAEAAAICTAEAOw==\" data-orig-src=\"https:\/\/x-cube.nl\/wp-content\/uploads\/2024\/11\/Schermafbeelding-2024-10-25-181002.png\" alt class=\"lazyload img-responsive\"\/><\/span><\/div><\/div><\/div><div class=\"fusion-layout-column fusion_builder_column fusion-builder-column-3 fusion_builder_column_1_1 1_1 fusion-flex-column\" style=\"--awb-bg-size:cover;--awb-width-large:100%;--awb-margin-top-large:0px;--awb-spacing-right-large:1.92%;--awb-margin-bottom-large:20px;--awb-spacing-left-large:1.92%;--awb-width-medium:100%;--awb-order-medium:0;--awb-spacing-right-medium:1.92%;--awb-spacing-left-medium:1.92%;--awb-width-small:100%;--awb-order-small:0;--awb-spacing-right-small:1.92%;--awb-spacing-left-small:1.92%;\"><div class=\"fusion-column-wrapper fusion-column-has-shadow fusion-flex-justify-content-flex-start fusion-content-layout-column\"><div style=\"text-align:left;\"><a class=\"fusion-button button-flat fusion-button-default-size button-custom fusion-button-default button-3 fusion-button-default-span fusion-button-default-type awb-b-icon-pos-left fusion-has-button-gradient\" style=\"--button_accent_color:var(--awb-color7);--button_border_color:var(--awb-color7);--button_accent_hover_color:var(--awb-color7);--button_border_hover_color:var(--awb-color4);--button-border-radius-top-left:30px;--button-border-radius-top-right:30px;--button-border-radius-bottom-right:30px;--button-border-radius-bottom-left:30px;--button_gradient_angle:45deg;--button_gradient_top_color:var(--awb-color4);--button_gradient_bottom_color:var(--awb-color3);--button_gradient:radial-gradient(circle at center center,var(--awb-color4) 0%,var(--awb-color3) 0%);--button_gradient_top_color_hover:hsla(var(--awb-color2-h),calc(var(--awb-color2-s) - 5%),calc(var(--awb-color2-l) - 10%),var(--awb-color2-a));--button_gradient_bottom_color_hover:hsla(var(--awb-color2-h),calc(var(--awb-color2-s) - 5%),calc(var(--awb-color2-l) - 10%),var(--awb-color2-a));--button_text_transform:uppercase;--button_typography-letter-spacing:3px;--button_typography-font-family:&quot;Montserrat&quot;;--button_typography-font-style:normal;--button_typography-font-weight:500;\" target=\"_self\" data-hover=\"icon_position\" href=\"https:\/\/x-cube.com\/fr\/experiences\/\"><i class=\"fa-angle-right fas awb-button__icon awb-button__icon--default button-icon-left\" aria-hidden=\"true\"><\/i><i class=\"fa-angle-right fas awb-button__icon awb-button__icon--default button-icon-left\" aria-hidden=\"true\"><\/i><span class=\"fusion-button-text awb-button__text awb-button__text--default\">Plus d&rsquo;exp\u00e9riences<\/span><\/a><\/div><\/div><\/div><\/div><\/div>\n","protected":false},"excerpt":{"rendered":"","protected":false},"author":2,"featured_media":0,"parent":0,"menu_order":0,"comment_status":"closed","ping_status":"closed","template":"100-width.php","meta":{"footnotes":""},"class_list":["post-5326","page","type-page","status-publish","hentry"],"yoast_head":"<!-- This site is optimized with the Yoast SEO plugin v27.2 - https:\/\/yoast.com\/product\/yoast-seo-wordpress\/ -->\n<title>Submerged - X-Cube.com<\/title>\n<meta name=\"robots\" content=\"index, follow, max-snippet:-1, max-image-preview:large, max-video-preview:-1\" \/>\n<link rel=\"canonical\" href=\"https:\/\/x-cube.com\/fr\/submerged\/\" \/>\n<meta property=\"og:locale\" content=\"fr_FR\" \/>\n<meta property=\"og:type\" content=\"article\" \/>\n<meta property=\"og:title\" content=\"Submerged - X-Cube.com\" \/>\n<meta property=\"og:url\" content=\"https:\/\/x-cube.com\/fr\/submerged\/\" \/>\n<meta property=\"og:site_name\" content=\"X-Cube.com\" \/>\n<meta property=\"article:publisher\" content=\"https:\/\/www.facebook.com\/xcubenl\/\" \/>\n<meta property=\"article:modified_time\" content=\"2026-02-27T10:13:21+00:00\" \/>\n<meta property=\"og:image\" content=\"https:\/\/x-cube.nl\/wp-content\/uploads\/2024\/03\/1280px-Flag_of_the_United_States.svg-66x66.png\" \/>\n<meta name=\"twitter:card\" content=\"summary_large_image\" \/>\n<meta name=\"twitter:label1\" content=\"Dur\u00e9e de lecture estim\u00e9e\" \/>\n\t<meta name=\"twitter:data1\" content=\"14 minutes\" \/>\n<script type=\"application\/ld+json\" class=\"yoast-schema-graph\">{\"@context\":\"https:\/\/schema.org\",\"@graph\":[{\"@type\":\"WebPage\",\"@id\":\"https:\/\/x-cube.com\/fr\/submerged\/\",\"url\":\"https:\/\/x-cube.com\/fr\/submerged\/\",\"name\":\"Submerged - X-Cube.com\",\"isPartOf\":{\"@id\":\"https:\/\/x-cube.com\/fr\/#website\"},\"primaryImageOfPage\":{\"@id\":\"https:\/\/x-cube.com\/fr\/submerged\/#primaryimage\"},\"image\":{\"@id\":\"https:\/\/x-cube.com\/fr\/submerged\/#primaryimage\"},\"thumbnailUrl\":\"https:\/\/x-cube.nl\/wp-content\/uploads\/2024\/03\/1280px-Flag_of_the_United_States.svg-66x66.png\",\"datePublished\":\"2024-11-04T10:48:30+00:00\",\"dateModified\":\"2026-02-27T10:13:21+00:00\",\"breadcrumb\":{\"@id\":\"https:\/\/x-cube.com\/fr\/submerged\/#breadcrumb\"},\"inLanguage\":\"fr-FR\",\"potentialAction\":[{\"@type\":\"ReadAction\",\"target\":[\"https:\/\/x-cube.com\/fr\/submerged\/\"]}]},{\"@type\":\"ImageObject\",\"inLanguage\":\"fr-FR\",\"@id\":\"https:\/\/x-cube.com\/fr\/submerged\/#primaryimage\",\"url\":\"https:\/\/x-cube.nl\/wp-content\/uploads\/2024\/03\/1280px-Flag_of_the_United_States.svg-66x66.png\",\"contentUrl\":\"https:\/\/x-cube.nl\/wp-content\/uploads\/2024\/03\/1280px-Flag_of_the_United_States.svg-66x66.png\"},{\"@type\":\"BreadcrumbList\",\"@id\":\"https:\/\/x-cube.com\/fr\/submerged\/#breadcrumb\",\"itemListElement\":[{\"@type\":\"ListItem\",\"position\":1,\"name\":\"Home\",\"item\":\"https:\/\/x-cube.com\/fr\/home-2\/\"},{\"@type\":\"ListItem\",\"position\":2,\"name\":\"Submerged\"}]},{\"@type\":\"WebSite\",\"@id\":\"https:\/\/x-cube.com\/fr\/#website\",\"url\":\"https:\/\/x-cube.com\/fr\/\",\"name\":\"X-Cube.com\",\"description\":\"X-Cube\",\"potentialAction\":[{\"@type\":\"SearchAction\",\"target\":{\"@type\":\"EntryPoint\",\"urlTemplate\":\"https:\/\/x-cube.com\/fr\/?s={search_term_string}\"},\"query-input\":{\"@type\":\"PropertyValueSpecification\",\"valueRequired\":true,\"valueName\":\"search_term_string\"}}],\"inLanguage\":\"fr-FR\"}]}<\/script>\n<!-- \/ Yoast SEO plugin. -->","yoast_head_json":{"title":"Submerged - X-Cube.com","robots":{"index":"index","follow":"follow","max-snippet":"max-snippet:-1","max-image-preview":"max-image-preview:large","max-video-preview":"max-video-preview:-1"},"canonical":"https:\/\/x-cube.com\/fr\/submerged\/","og_locale":"fr_FR","og_type":"article","og_title":"Submerged - X-Cube.com","og_url":"https:\/\/x-cube.com\/fr\/submerged\/","og_site_name":"X-Cube.com","article_publisher":"https:\/\/www.facebook.com\/xcubenl\/","article_modified_time":"2026-02-27T10:13:21+00:00","og_image":[{"url":"https:\/\/x-cube.nl\/wp-content\/uploads\/2024\/03\/1280px-Flag_of_the_United_States.svg-66x66.png","type":"","width":"","height":""}],"twitter_card":"summary_large_image","twitter_misc":{"Dur\u00e9e de lecture estim\u00e9e":"14 minutes"},"schema":{"@context":"https:\/\/schema.org","@graph":[{"@type":"WebPage","@id":"https:\/\/x-cube.com\/fr\/submerged\/","url":"https:\/\/x-cube.com\/fr\/submerged\/","name":"Submerged - X-Cube.com","isPartOf":{"@id":"https:\/\/x-cube.com\/fr\/#website"},"primaryImageOfPage":{"@id":"https:\/\/x-cube.com\/fr\/submerged\/#primaryimage"},"image":{"@id":"https:\/\/x-cube.com\/fr\/submerged\/#primaryimage"},"thumbnailUrl":"https:\/\/x-cube.nl\/wp-content\/uploads\/2024\/03\/1280px-Flag_of_the_United_States.svg-66x66.png","datePublished":"2024-11-04T10:48:30+00:00","dateModified":"2026-02-27T10:13:21+00:00","breadcrumb":{"@id":"https:\/\/x-cube.com\/fr\/submerged\/#breadcrumb"},"inLanguage":"fr-FR","potentialAction":[{"@type":"ReadAction","target":["https:\/\/x-cube.com\/fr\/submerged\/"]}]},{"@type":"ImageObject","inLanguage":"fr-FR","@id":"https:\/\/x-cube.com\/fr\/submerged\/#primaryimage","url":"https:\/\/x-cube.nl\/wp-content\/uploads\/2024\/03\/1280px-Flag_of_the_United_States.svg-66x66.png","contentUrl":"https:\/\/x-cube.nl\/wp-content\/uploads\/2024\/03\/1280px-Flag_of_the_United_States.svg-66x66.png"},{"@type":"BreadcrumbList","@id":"https:\/\/x-cube.com\/fr\/submerged\/#breadcrumb","itemListElement":[{"@type":"ListItem","position":1,"name":"Home","item":"https:\/\/x-cube.com\/fr\/home-2\/"},{"@type":"ListItem","position":2,"name":"Submerged"}]},{"@type":"WebSite","@id":"https:\/\/x-cube.com\/fr\/#website","url":"https:\/\/x-cube.com\/fr\/","name":"X-Cube.com","description":"X-Cube","potentialAction":[{"@type":"SearchAction","target":{"@type":"EntryPoint","urlTemplate":"https:\/\/x-cube.com\/fr\/?s={search_term_string}"},"query-input":{"@type":"PropertyValueSpecification","valueRequired":true,"valueName":"search_term_string"}}],"inLanguage":"fr-FR"}]}},"_links":{"self":[{"href":"https:\/\/x-cube.com\/fr\/wp-json\/wp\/v2\/pages\/5326","targetHints":{"allow":["GET"]}}],"collection":[{"href":"https:\/\/x-cube.com\/fr\/wp-json\/wp\/v2\/pages"}],"about":[{"href":"https:\/\/x-cube.com\/fr\/wp-json\/wp\/v2\/types\/page"}],"author":[{"embeddable":true,"href":"https:\/\/x-cube.com\/fr\/wp-json\/wp\/v2\/users\/2"}],"replies":[{"embeddable":true,"href":"https:\/\/x-cube.com\/fr\/wp-json\/wp\/v2\/comments?post=5326"}],"version-history":[{"count":0,"href":"https:\/\/x-cube.com\/fr\/wp-json\/wp\/v2\/pages\/5326\/revisions"}],"wp:attachment":[{"href":"https:\/\/x-cube.com\/fr\/wp-json\/wp\/v2\/media?parent=5326"}],"curies":[{"name":"wp","href":"https:\/\/api.w.org\/{rel}","templated":true}]}}